{"id":3595,"date":"2025-04-19T16:01:23","date_gmt":"2025-04-19T19:01:23","guid":{"rendered":"https:\/\/levilee.com.br\/?page_id=3595"},"modified":"2025-06-16T10:51:34","modified_gmt":"2025-06-16T13:51:34","slug":"termos-e-condicoes","status":"publish","type":"page","link":"https:\/\/levilee.com.br\/cn\/termos-e-condicoes\/","title":{"rendered":"\u300a\u534f\u8bae\u6761\u6b3e\u300b"},"content":{"rendered":"<div data-elementor-type=\"wp-page\" data-elementor-id=\"3595\" class=\"elementor elementor-3595\" data-elementor-post-type=\"page\">\n\t\t\t\t<div class=\"elementor-element elementor-element-90ffcd4 e-flex e-con-boxed e-con e-parent\" data-id=\"90ffcd4\" data-element_type=\"container\">\n\t\t\t\t\t<div class=\"e-con-inner\">\n\t\t\t\t<div class=\"elementor-element elementor-element-f66d72a elementor-widget elementor-widget-heading\" data-id=\"f66d72a\" data-element_type=\"widget\" data-widget_type=\"heading.default\">\n\t\t\t\t<div class=\"elementor-widget-container\">\n\t\t\t\t\t<h1 class=\"elementor-heading-title elementor-size-default\">\u300a\u534f\u8bae\u6761\u6b3e\u300b<\/h1>\t\t\t\t<\/div>\n\t\t\t\t<\/div>\n\t\t\t\t\t<\/div>\n\t\t\t\t<\/div>\n\t\t<div class=\"elementor-element elementor-element-59204add e-con-full e-flex e-con e-parent\" data-id=\"59204add\" data-element_type=\"container\">\n\t\t\t\t<div class=\"elementor-element elementor-element-273080fe elementor-widget elementor-widget-text-editor\" data-id=\"273080fe\" data-element_type=\"widget\" data-widget_type=\"text-editor.default\">\n\t\t\t\t<div class=\"elementor-widget-container\">\n\t\t\t\t\t\t\t\t\t<h2><span style=\"color: #444444;\">1. Termos<\/span><\/h2><p><span style=\"color: #444444;\">Ao acessar o site <a href=\"https:\/\/levilee.com.br\/cn\/\">\u674e\u7ef4 \uff08Levi\uff09<\/a>, voc\u00ea concorda em cumprir estes termos de servi\u00e7o, bem como todas as leis e regulamentos aplic\u00e1veis, sendo respons\u00e1vel pelo cumprimento das leis locais. Se voc\u00ea n\u00e3o concordar com algum desses termos, est\u00e1 proibido de usar ou acessar este site. Os materiais contidos neste site s\u00e3o protegidos pelas leis de direitos autorais e marcas comerciais aplic\u00e1veis.<\/span><\/p><h2><span style=\"color: #444444;\">2. Uso de Licen\u00e7a<\/span><\/h2><p><span style=\"color: #444444;\">\u00c9 concedida permiss\u00e3o para baixar temporariamente uma c\u00f3pia dos materiais (informa\u00e7\u00f5es ou software) no site Levi Lee, apenas para visualiza\u00e7\u00e3o transit\u00f3ria pessoal e n\u00e3o comercial. Esta \u00e9 a concess\u00e3o de uma licen\u00e7a, n\u00e3o uma transfer\u00eancia de t\u00edtulo e, sob esta licen\u00e7a, voc\u00ea n\u00e3o pode:<\/span><\/p><ol><li><span style=\"color: #444444;\">Modificar ou copiar os materiais;<\/span><\/li><li><span style=\"color: #444444;\">Usar os materiais para qualquer finalidade comercial ou para exibi\u00e7\u00e3o p\u00fablica (comercial ou n\u00e3o comercial);<\/span><\/li><li><span style=\"color: #444444;\">Tentar descompilar ou fazer engenharia reversa de qualquer software contido no site Levi Lee;<\/span><\/li><li><span style=\"color: #444444;\">Remover quaisquer direitos autorais ou outras nota\u00e7\u00f5es de propriedade dos materiais; ou<\/span><\/li><li><span style=\"color: #444444;\">Transferir os materiais para outra pessoa ou copi\u00e1-los para outro servidor.<\/span><\/li><\/ol><p><span style=\"color: #444444;\">Esta licen\u00e7a ser\u00e1 automaticamente rescindida se voc\u00ea violar alguma dessas restri\u00e7\u00f5es e poder\u00e1 ser rescindida pelo Levi Lee a qualquer momento. Ao encerrar a visualiza\u00e7\u00e3o desses materiais ou ap\u00f3s o t\u00e9rmino desta licen\u00e7a, voc\u00ea deve apagar todos os materiais baixados em sua posse, seja em formato eletr\u00f4nico ou impresso.<\/span><\/p><h2><span style=\"color: #444444;\">3. Isen\u00e7\u00e3o de Responsabilidade<\/span><\/h2><ol><li><span style=\"color: #444444;\">Os materiais no site Levi Lee s\u00e3o fornecidos &#8220;como est\u00e3o&#8221;. Levi Lee n\u00e3o oferece garantias, expressas ou impl\u00edcitas, e, por este meio, isenta e nega todas as outras garantias, incluindo, sem limita\u00e7\u00e3o, garantias impl\u00edcitas ou condi\u00e7\u00f5es de comercializa\u00e7\u00e3o, adequa\u00e7\u00e3o a um fim espec\u00edfico ou n\u00e3o viola\u00e7\u00e3o de propriedade intelectual ou outra viola\u00e7\u00e3o de direitos.<\/span><\/li><li><span style=\"color: #444444;\">Al\u00e9m disso, Levi Lee n\u00e3o garante ou faz qualquer representa\u00e7\u00e3o relativa \u00e0 precis\u00e3o, aos resultados prov\u00e1veis ou \u00e0 confiabilidade do uso dos materiais em seu site ou de outra forma relacionados a esses materiais ou em sites vinculados a este site.<\/span><\/li><\/ol><h2><span style=\"color: #444444;\">4. Limita\u00e7\u00f5es<\/span><\/h2><p><span style=\"color: #444444;\">Em nenhum caso Levi Lee ou seus fornecedores ser\u00e3o respons\u00e1veis por quaisquer danos (incluindo, sem limita\u00e7\u00e3o, danos por perda de dados ou lucro, ou devido \u00e0 interrup\u00e7\u00e3o dos neg\u00f3cios) decorrentes do uso ou da incapacidade de usar os materiais em Levi Lee, mesmo que Levi Lee ou um representante autorizado tenha sido notificado oralmente ou por escrito da possibilidade de tais danos. Como algumas jurisdi\u00e7\u00f5es n\u00e3o permitem limita\u00e7\u00f5es em garantias impl\u00edcitas ou limita\u00e7\u00f5es de responsabilidade por danos consequentes ou incidentais, essas limita\u00e7\u00f5es podem n\u00e3o se aplicar a voc\u00ea.<\/span><\/p><h2><span style=\"color: #444444;\">5. Precis\u00e3o dos Materiais<\/span><\/h2><p><span style=\"color: #444444;\">Os materiais exibidos no site Levi Lee podem incluir erros t\u00e9cnicos, tipogr\u00e1ficos ou fotogr\u00e1ficos. Levi Lee n\u00e3o garante que qualquer material em seu site seja preciso, completo ou atual. Levi Lee pode fazer altera\u00e7\u00f5es nos materiais contidos em seu site a qualquer momento, sem aviso pr\u00e9vio. No entanto, Levi Lee n\u00e3o se compromete a atualizar os materiais.<\/span><\/p><h2><span style=\"color: #444444;\">6. Links<\/span><\/h2><p><span style=\"color: #444444;\">Levi Lee n\u00e3o analisou todos os sites vinculados ao seu site e n\u00e3o \u00e9 respons\u00e1vel pelo conte\u00fado ou pelas pr\u00e1ticas de nenhum site vinculado. A inclus\u00e3o de qualquer link n\u00e3o implica endosso por parte de Levi Lee. O uso de qualquer site vinculado \u00e9 por conta e risco do usu\u00e1rio.<\/span><\/p><h2><span style=\"color: #444444;\">7. Coleta e Uso de Dados Pessoais<\/span><\/h2><p><span style=\"color: #444444;\">Coletamos informa\u00e7\u00f5es pessoais fornecidas voluntariamente pelos usu\u00e1rios atrav\u00e9s de formul\u00e1rios de contato, inscri\u00e7\u00f5es ou outros meios no site Levi Lee. Esses dados podem incluir: nome, e-mail, telefone e mensagens enviadas. As informa\u00e7\u00f5es s\u00e3o utilizadas exclusivamente para fins de comunica\u00e7\u00e3o, atendimento e envio de conte\u00fados relacionados aos servi\u00e7os do site.<\/span><\/p><h2><span style=\"color: #444444;\">8. Consentimento<\/span><\/h2><p><span style=\"color: #444444;\">Ao fornecer seus dados no site Levi Lee, voc\u00ea declara estar ciente e concorda com o tratamento de suas informa\u00e7\u00f5es pessoais, conforme disposto na Lei n\u00ba 13.709\/2018 (LGPD). Voc\u00ea pode, a qualquer momento, revogar esse consentimento entrando em contato por e-mail.<\/span><\/p><h2><span style=\"color: #444444;\">9. Direitos do Titular de Dados<\/span><\/h2><p><span style=\"color: #444444;\">Voc\u00ea tem o direito de solicitar: a confirma\u00e7\u00e3o da exist\u00eancia de tratamento de dados, acesso aos dados, corre\u00e7\u00e3o de dados incompletos ou desatualizados, exclus\u00e3o ou anonimiza\u00e7\u00e3o de dados desnecess\u00e1rios, entre outros direitos previstos na LGPD. Para exercer esses direitos, entre em contato com: <a href=\"mailto:levileeimoveis@gmail.com\">levileeimoveis@gmail.com<\/a>.<\/span><\/p><h2><span style=\"color: #444444;\">10. Armazenamento e Seguran\u00e7a dos Dados<\/span><\/h2><p><span style=\"color: #444444;\">Adotamos medidas de seguran\u00e7a para proteger seus dados pessoais contra acessos n\u00e3o autorizados, vazamentos ou destrui\u00e7\u00e3o. No entanto, nenhum sistema \u00e9 completamente seguro, e n\u00e3o podemos garantir a seguran\u00e7a absoluta das informa\u00e7\u00f5es transmitidas via internet.<\/span><\/p><h2><span style=\"color: #444444;\">11. Cookies<\/span><\/h2><p><span style=\"color: #444444;\">O site Levi Lee pode utilizar cookies e tecnologias semelhantes para melhorar a experi\u00eancia do usu\u00e1rio, analisar o tr\u00e1fego do site e personalizar conte\u00fado. Cookies s\u00e3o pequenos arquivos de texto armazenados no seu navegador que ajudam o site a lembrar de informa\u00e7\u00f5es entre sess\u00f5es.<\/span><\/p><ul><li><span style=\"color: #444444;\"><strong>Cookies Essenciais:<\/strong> Necess\u00e1rios para o funcionamento b\u00e1sico do site.<\/span><\/li><li><span style=\"color: #444444;\"><strong>Cookies de Desempenho:<\/strong> Coletam informa\u00e7\u00f5es an\u00f4nimas sobre como os visitantes usam o site, como p\u00e1ginas visitadas e erros encontrados.<\/span><\/li><li><span style=\"color: #444444;\"><strong>Cookies de Funcionalidade:<\/strong> Permitem lembrar suas prefer\u00eancias e personalizar sua experi\u00eancia.<\/span><\/li><li><span style=\"color: #444444;\"><strong>Cookies de Publicidade:<\/strong> Podem ser usados por terceiros para exibir an\u00fancios relevantes em outros sites.<br \/><br \/><\/span><\/li><\/ul><p><span style=\"color: #444444;\">Ao continuar navegando em nosso site, voc\u00ea concorda com o uso de cookies, conforme descrito nesta pol\u00edtica. <br \/><\/span><\/p><h3>Modifica\u00e7\u00f5es<\/h3><p>Levi Lee pode revisar estes termos de servi\u00e7o do site a qualquer momento, sem aviso pr\u00e9vio. Ao usar este site, voc\u00ea concorda em ficar vinculado \u00e0 vers\u00e3o atual desses termos de servi\u00e7o.<\/p><h3>Lei Aplic\u00e1vel<\/h3><p>Estes termos e condi\u00e7\u00f5es s\u00e3o regidos e interpretados de acordo com as leis da Rep\u00fablica Federativa do Brasil, e voc\u00ea se submete irrevogavelmente \u00e0 jurisdi\u00e7\u00e3o exclusiva dos tribunais brasileiros.<\/p><p><span style=\"color: #444444;\">\u00a0<\/span><\/p>\t\t\t\t\t\t\t\t<\/div>\n\t\t\t\t<\/div>\n\t\t\t\t<\/div>\n\t\t\t\t<\/div>","protected":false},"excerpt":{"rendered":"<p>Termos e Condi\u00e7\u00f5es 1. Termos Ao acessar o site Levi Lee, voc\u00ea concorda em cumprir estes termos de servi\u00e7o, bem como todas as leis e regulamentos aplic\u00e1veis, sendo respons\u00e1vel pelo cumprimento das leis locais. Se voc\u00ea n\u00e3o concordar com algum desses termos, est\u00e1 proibido de usar ou acessar este site. Os materiais contidos neste site [&hellip;]<\/p>","protected":false},"author":1,"featured_media":0,"parent":0,"menu_order":0,"comment_status":"closed","ping_status":"closed","template":"elementor_header_footer","meta":{"_seopress_robots_primary_cat":"","_seopress_titles_title":"","_seopress_titles_desc":"","_seopress_robots_index":"","footnotes":""},"class_list":["post-3595","page","type-page","status-publish","hentry"],"_links":{"self":[{"href":"https:\/\/levilee.com.br\/cn\/wp-json\/wp\/v2\/pages\/3595","targetHints":{"allow":["GET"]}}],"collection":[{"href":"https:\/\/levilee.com.br\/cn\/wp-json\/wp\/v2\/pages"}],"about":[{"href":"https:\/\/levilee.com.br\/cn\/wp-json\/wp\/v2\/types\/page"}],"author":[{"embeddable":true,"href":"https:\/\/levilee.com.br\/cn\/wp-json\/wp\/v2\/users\/1"}],"replies":[{"embeddable":true,"href":"https:\/\/levilee.com.br\/cn\/wp-json\/wp\/v2\/comments?post=3595"}],"version-history":[{"count":14,"href":"https:\/\/levilee.com.br\/cn\/wp-json\/wp\/v2\/pages\/3595\/revisions"}],"predecessor-version":[{"id":4795,"href":"https:\/\/levilee.com.br\/cn\/wp-json\/wp\/v2\/pages\/3595\/revisions\/4795"}],"wp:attachment":[{"href":"https:\/\/levilee.com.br\/cn\/wp-json\/wp\/v2\/media?parent=3595"}],"curies":[{"name":"wp","href":"https:\/\/api.w.org\/{rel}","templated":true}]}}