{"id":3093,"date":"2025-04-11T14:26:48","date_gmt":"2025-04-11T17:26:48","guid":{"rendered":"https:\/\/levilee.com.br\/?page_id=3093"},"modified":"2025-09-15T15:31:44","modified_gmt":"2025-09-15T18:31:44","slug":"sobre-a-lavvi","status":"publish","type":"page","link":"https:\/\/levilee.com.br\/cn\/sobre-a-lavvi\/","title":{"rendered":"Sobre a Lavvi"},"content":{"rendered":"<div data-elementor-type=\"wp-page\" data-elementor-id=\"3093\" class=\"elementor elementor-3093\" data-elementor-post-type=\"page\">\n\t\t\t\t<div class=\"elementor-element elementor-element-3e60956 e-con-full e-flex e-con e-parent\" data-id=\"3e60956\" data-element_type=\"container\">\n\t\t<div class=\"elementor-element elementor-element-8ebdce4 e-con-full e-flex e-con e-child\" data-id=\"8ebdce4\" data-element_type=\"container\">\n\t\t\t\t<div class=\"elementor-element elementor-element-94a9333 elementor-widget elementor-widget-image\" data-id=\"94a9333\" data-element_type=\"widget\" data-widget_type=\"image.default\">\n\t\t\t\t<div class=\"elementor-widget-container\">\n\t\t\t\t\t\t\t\t\t\t\t\t\t\t\t<img alt=\"\" fetchpriority=\"high\" decoding=\"async\" width=\"716\" height=\"141\" src=\"https:\/\/levilee.com.br\/wp-content\/uploads\/2025\/04\/Logo-Lavvi.png\" class=\"attachment-large size-large wp-image-2955\" \/>\t\t\t\t\t\t\t\t\t\t\t\t\t\t\t<\/div>\n\t\t\t\t<\/div>\n\t\t\t\t<\/div>\n\t\t\t\t<div class=\"elementor-element elementor-element-d97988d elementor-widget elementor-widget-text-editor\" data-id=\"d97988d\" data-element_type=\"widget\" data-widget_type=\"text-editor.default\">\n\t\t\t\t<div class=\"elementor-widget-container\">\n\t\t\t\t\t\t\t\t\t<p class=\"\" data-start=\"0\" data-end=\"524\">Lavvi\u662fCyrela\u96c6\u56e2\u65d7\u4e0b\u7684\u4e00\u5bb6\u516c\u53f8\uff0c\u5176DNA\u627f\u8f7d\u7740\u4f7f\u8be5\u54c1\u724c\u6210\u4e3a\u623f\u5730\u4ea7\u5e02\u573a\u6807\u6746\u7684\u6240\u6709\u5353\u8d8a\u54c1\u8d28\u3001\u7a33\u56fa\u5b9e\u529b\u548c\u575a\u5b9a\u627f\u8bfa\u3002<\/p><p class=\"\" data-start=\"0\" data-end=\"524\">\u516c\u53f8\u6210\u7acb\u4e8e2016\u5e74\uff0c\u5e76\u4e8e2020\u5e74\u5728\u8bc1\u5238\u4ea4\u6613\u6240\u516c\u5f00\u4e0a\u5e02\uff0c\u62e5\u6709\u9ad8\u7d20\u8d28\u7684\u4e13\u4e1a\u56e2\u961f\uff0c\u8d1f\u8d23\u4f17\u591a\u6210\u529f\u7684\u9879\u76ee\u53d1\u5e03\u3002\u5176\u9879\u76ee\u7ec4\u5408\u4ee5\u5dee\u5f02\u5316\u9879\u76ee\u4e3a\u57fa\u7840\uff0c\u901a\u8fc7\u63d0\u4f9b\u7cbe\u81f4\u3001\u521b\u65b0\u4e14\u5730\u7406\u4f4d\u7f6e\u4f18\u8d8a\u7684\u7a7a\u95f4\uff0c\u6539\u53d8\u672a\u6765\u5c45\u4f4f\u8005\u7684\u751f\u6d3b\u3002<\/p><p data-start=\"0\" data-end=\"524\">Lavvi\u7684\u623f\u5730\u4ea7\u9879\u76ee\u4ee5\u73b0\u4ee3\u8bbe\u8ba1\u3001\u9ad8\u54c1\u8d28\u6807\u51c6\u548c\u5de8\u5927\u7684\u5347\u503c\u6f5c\u529b\u800c\u95fb\u540d\uff0c\u662f\u771f\u6b63\u7684\u9500\u552e\u6210\u529f\u548c\u5ba2\u6237\u6ee1\u610f\u5ea6\u7684\u5178\u8303\u3002<\/p><p class=\"\" data-start=\"865\" data-end=\"1278\">\u4ee5\u5efa\u9020\u5353\u8d8a\u623f\u5730\u4ea7\u9879\u76ee\u548c\u5b9e\u73b0\u68a6\u60f3\u4e3a\u4f7f\u547d\uff0cLavvi\u6301\u7eed\u521b\u65b0\uff0c\u5f00\u53d1\u63d0\u5347\u7f8e\u597d\u5c45\u4f4f\u4f53\u9a8c\u7684\u9879\u76ee\u3002\u5176\u57fa\u4e8e\u8d23\u4efb\u3001\u627f\u8bfa\u3001\u4e25\u8c28\u3001\u900f\u660e\u548c\u5353\u8d8a\u7684\u4ef7\u503c\u89c2\u4f53\u73b0\u4e86\u4e00\u4e2a\u54c1\u724c\u7684\u672c\u8d28\u2014\u2014\u4e0d\u662f\u5355\u7eaf\u7684\u4ea4\u4ed8\u623f\u5b50\uff0c\u800c\u662f\u4ea4\u4ed8\u4e00\u4e2a\u6770\u51fa\u7684\u751f\u6d3b\u54c1\u8d28\u3002<\/p>\t\t\t\t\t\t\t\t<\/div>\n\t\t\t\t<\/div>\n\t\t\t\t<div class=\"elementor-element elementor-element-1a1fa1d elementor-align-center elementor-widget elementor-widget-button\" data-id=\"1a1fa1d\" data-element_type=\"widget\" data-widget_type=\"button.default\">\n\t\t\t\t<div class=\"elementor-widget-container\">\n\t\t\t\t\t\t\t\t\t<div class=\"elementor-button-wrapper\">\n\t\t\t\t\t<a class=\"elementor-button elementor-button-link elementor-size-sm\" href=\"https:\/\/levilee.com.br\/cn\/imoveis_novos\/?jsf=jet-engine:lista_imoveis&#038;meta=construtora_e_incorporadora:Lavvi\">\n\t\t\t\t\t\t<span class=\"elementor-button-content-wrapper\">\n\t\t\t\t\t\t\t\t\t<span class=\"elementor-button-text\">\u4e86\u89e3\u8be5\u516c\u53f8\u7684\u623f\u5730\u4ea7\u9879\u76ee<\/span>\n\t\t\t\t\t<\/span>\n\t\t\t\t\t<\/a>\n\t\t\t\t<\/div>\n\t\t\t\t\t\t\t\t<\/div>\n\t\t\t\t<\/div>\n\t\t\t\t<\/div>\n\t\t\t\t<\/div>","protected":false},"excerpt":{"rendered":"<p>A Lavvi \u00e9 uma empresa do Grupo Cyrela, por isso traz em seu DNA toda a excel\u00eancia, solidez e comprometimento que consolidaram a marca como refer\u00eancia no mercado imobili\u00e1rio. Constitu\u00edda em 2016 e com seu capital aberto na Bola de Valores em 2020, a empresa conta com profissionais altamente qualificados e respons\u00e1veis por in\u00fameros lan\u00e7amentos [&hellip;]<\/p>","protected":false},"author":1,"featured_media":0,"parent":0,"menu_order":0,"comment_status":"closed","ping_status":"closed","template":"elementor_header_footer","meta":{"_seopress_robots_primary_cat":"","_seopress_titles_title":"","_seopress_titles_desc":"","_seopress_robots_index":"","footnotes":""},"class_list":["post-3093","page","type-page","status-publish","hentry"],"_links":{"self":[{"href":"https:\/\/levilee.com.br\/cn\/wp-json\/wp\/v2\/pages\/3093","targetHints":{"allow":["GET"]}}],"collection":[{"href":"https:\/\/levilee.com.br\/cn\/wp-json\/wp\/v2\/pages"}],"about":[{"href":"https:\/\/levilee.com.br\/cn\/wp-json\/wp\/v2\/types\/page"}],"author":[{"embeddable":true,"href":"https:\/\/levilee.com.br\/cn\/wp-json\/wp\/v2\/users\/1"}],"replies":[{"embeddable":true,"href":"https:\/\/levilee.com.br\/cn\/wp-json\/wp\/v2\/comments?post=3093"}],"version-history":[{"count":64,"href":"https:\/\/levilee.com.br\/cn\/wp-json\/wp\/v2\/pages\/3093\/revisions"}],"predecessor-version":[{"id":6618,"href":"https:\/\/levilee.com.br\/cn\/wp-json\/wp\/v2\/pages\/3093\/revisions\/6618"}],"wp:attachment":[{"href":"https:\/\/levilee.com.br\/cn\/wp-json\/wp\/v2\/media?parent=3093"}],"curies":[{"name":"wp","href":"https:\/\/api.w.org\/{rel}","templated":true}]}}