{"id":3091,"date":"2025-04-11T14:26:41","date_gmt":"2025-04-11T17:26:41","guid":{"rendered":"https:\/\/levilee.com.br\/?page_id=3091"},"modified":"2025-09-15T15:31:01","modified_gmt":"2025-09-15T18:31:01","slug":"sobre-a-living","status":"publish","type":"page","link":"https:\/\/levilee.com.br\/cn\/sobre-a-living\/","title":{"rendered":"Sobre a Living"},"content":{"rendered":"<div data-elementor-type=\"wp-page\" data-elementor-id=\"3091\" class=\"elementor elementor-3091\" data-elementor-post-type=\"page\">\n\t\t\t\t<div class=\"elementor-element elementor-element-c7bc122 e-con-full e-flex e-con e-parent\" data-id=\"c7bc122\" data-element_type=\"container\">\n\t\t<div class=\"elementor-element elementor-element-4520e52 e-con-full e-flex e-con e-child\" data-id=\"4520e52\" data-element_type=\"container\">\n\t\t\t\t<div class=\"elementor-element elementor-element-7938edb elementor-widget elementor-widget-image\" data-id=\"7938edb\" data-element_type=\"widget\" data-widget_type=\"image.default\">\n\t\t\t\t<div class=\"elementor-widget-container\">\n\t\t\t\t\t\t\t\t\t\t\t\t\t\t\t<img alt=\"\" fetchpriority=\"high\" decoding=\"async\" width=\"300\" height=\"168\" src=\"https:\/\/levilee.com.br\/wp-content\/uploads\/2025\/04\/Logo-Living.png\" class=\"attachment-large size-large wp-image-2964\" \/>\t\t\t\t\t\t\t\t\t\t\t\t\t\t\t<\/div>\n\t\t\t\t<\/div>\n\t\t\t\t<\/div>\n\t\t\t\t<div class=\"elementor-element elementor-element-4d4dc01 elementor-widget elementor-widget-text-editor\" data-id=\"4d4dc01\" data-element_type=\"widget\" data-widget_type=\"text-editor.default\">\n\t\t\t\t<div class=\"elementor-widget-container\">\n\t\t\t\t\t\t\t\t\t<p class=\"\" data-start=\"0\" data-end=\"433\">Living\u662fCyrela\u7684\u4e00\u5bb6\u5b50\u516c\u53f8\uff0c\u4e13\u6ce8\u4e8e\u4e2d\u7b49\u6807\u51c6\u7684\u623f\u5730\u4ea7\u9879\u76ee\uff0c\u6210\u7acb\u4e8e2006\u5e74\uff0c\u4ee5\u521b\u65b0\u4e14\u6613\u4e8e\u63a5\u53d7\u7684\u7406\u5ff5\uff0c\u63d0\u4f9b\u73b0\u4ee3\u5316\u3001\u5730\u7406\u4f4d\u7f6e\u4f18\u8d8a\u4e14\u9ad8\u54c1\u8d28\u6807\u51c6\u7684\u623f\u4ea7\u3002<\/p><p class=\"\" data-start=\"0\" data-end=\"433\">Living\u8bde\u751f\u4e8e\u6ee1\u8db3\u90a3\u4e9b\u5bfb\u6c42\u8212\u9002\u3001\u5b89\u5168\u548c\u5353\u8d8a\u6027\u4ef7\u6bd4\u7684\u5ba2\u6237\u9700\u6c42\uff0c\u901a\u8fc7\u4e3a\u4e0d\u540c\u5ba2\u6237\u7fa4\u4f53\u63d0\u4f9b\u667a\u80fd\u4e14\u5b9e\u7528\u7684\u89e3\u51b3\u65b9\u6848\uff0c\u5728\u623f\u5730\u4ea7\u5e02\u573a\u4e2d\u8131\u9896\u800c\u51fa\u3002<\/p><p class=\"\" data-start=\"435\" data-end=\"820\">\u6bcf\u4e2aLiving\u9879\u76ee\u90fd\u7ecf\u8fc7\u7cbe\u5fc3\u8bbe\u8ba1\uff0c\u4ee5\u63d0\u4f9b\u4fbf\u5229\u6027\u548c\u5e78\u798f\u611f\uff0c\u786e\u4fdd\u5c45\u4f4f\u8005\u83b7\u5f97\u4e0e\u5176\u671f\u671b\u76f8\u7b26\u7684\u751f\u6d3b\u4f53\u9a8c\u3002<\/p><p class=\"\" data-start=\"822\" data-end=\"1056\">\u4f5c\u4e3aCyrela\u96c6\u56e2\u7684\u4e00\u90e8\u5206\uff0cLiving\u4fdd\u6301\u7740\u5bf9\u5353\u8d8a\u548c\u521b\u65b0\u7684\u627f\u8bfa\uff0c\u59cb\u7ec8\u5bfb\u6c42\u65b0\u7684\u65b9\u5f0f\u4e3a\u65e5\u76ca\u6311\u5254\u7684\u5ba2\u6237\u7fa4\u4f53\u63d0\u4f9b\u66f4\u591a\u7684\u54c1\u8d28\u548c\u7cbe\u81f4\u3002<\/p>\t\t\t\t\t\t\t\t<\/div>\n\t\t\t\t<\/div>\n\t\t\t\t<div class=\"elementor-element elementor-element-d850477 elementor-align-center elementor-widget elementor-widget-button\" data-id=\"d850477\" data-element_type=\"widget\" data-widget_type=\"button.default\">\n\t\t\t\t<div class=\"elementor-widget-container\">\n\t\t\t\t\t\t\t\t\t<div class=\"elementor-button-wrapper\">\n\t\t\t\t\t<a class=\"elementor-button elementor-button-link elementor-size-sm\" href=\"https:\/\/levilee.com.br\/cn\/imoveis_novos\/?jsf=jet-engine:lista_imoveis&#038;meta=construtora_e_incorporadora:Living\">\n\t\t\t\t\t\t<span class=\"elementor-button-content-wrapper\">\n\t\t\t\t\t\t\t\t\t<span class=\"elementor-button-text\">\u4e86\u89e3\u8be5\u516c\u53f8\u7684\u623f\u5730\u4ea7\u9879\u76ee<\/span>\n\t\t\t\t\t<\/span>\n\t\t\t\t\t<\/a>\n\t\t\t\t<\/div>\n\t\t\t\t\t\t\t\t<\/div>\n\t\t\t\t<\/div>\n\t\t\t\t<\/div>\n\t\t\t\t<\/div>","protected":false},"excerpt":{"rendered":"<p>A Living \u00e9 uma empresa filial da Cyrela voltada para empreendimentos de m\u00e9dio padr\u00e3o, fundada em 2006 com uma proposta inovadora e acess\u00edvel, oferecendo im\u00f3veis modernos, bem localizados e com alto padr\u00e3o de qualidade. Nascida para atender \u00e0s necessidades de quem busca conforto, seguran\u00e7a e um excelente custo-benef\u00edcio, a Living se destaca no mercado imobili\u00e1rio [&hellip;]<\/p>","protected":false},"author":1,"featured_media":0,"parent":0,"menu_order":0,"comment_status":"closed","ping_status":"closed","template":"elementor_header_footer","meta":{"_seopress_robots_primary_cat":"","_seopress_titles_title":"","_seopress_titles_desc":"","_seopress_robots_index":"","footnotes":""},"class_list":["post-3091","page","type-page","status-publish","hentry"],"_links":{"self":[{"href":"https:\/\/levilee.com.br\/cn\/wp-json\/wp\/v2\/pages\/3091","targetHints":{"allow":["GET"]}}],"collection":[{"href":"https:\/\/levilee.com.br\/cn\/wp-json\/wp\/v2\/pages"}],"about":[{"href":"https:\/\/levilee.com.br\/cn\/wp-json\/wp\/v2\/types\/page"}],"author":[{"embeddable":true,"href":"https:\/\/levilee.com.br\/cn\/wp-json\/wp\/v2\/users\/1"}],"replies":[{"embeddable":true,"href":"https:\/\/levilee.com.br\/cn\/wp-json\/wp\/v2\/comments?post=3091"}],"version-history":[{"count":43,"href":"https:\/\/levilee.com.br\/cn\/wp-json\/wp\/v2\/pages\/3091\/revisions"}],"predecessor-version":[{"id":6615,"href":"https:\/\/levilee.com.br\/cn\/wp-json\/wp\/v2\/pages\/3091\/revisions\/6615"}],"wp:attachment":[{"href":"https:\/\/levilee.com.br\/cn\/wp-json\/wp\/v2\/media?parent=3091"}],"curies":[{"name":"wp","href":"https:\/\/api.w.org\/{rel}","templated":true}]}}