{"id":3089,"date":"2025-04-11T14:26:28","date_gmt":"2025-04-11T17:26:28","guid":{"rendered":"https:\/\/levilee.com.br\/?page_id=3089"},"modified":"2025-09-15T15:32:57","modified_gmt":"2025-09-15T18:32:57","slug":"sobre-a-cyrela","status":"publish","type":"page","link":"https:\/\/levilee.com.br\/cn\/sobre-a-cyrela\/","title":{"rendered":"Sobre a Cyrela"},"content":{"rendered":"<div data-elementor-type=\"wp-page\" data-elementor-id=\"3089\" class=\"elementor elementor-3089\" data-elementor-post-type=\"page\">\n\t\t\t\t<div class=\"elementor-element elementor-element-7a4333f e-con-full e-flex e-con e-parent\" data-id=\"7a4333f\" data-element_type=\"container\">\n\t\t<div class=\"elementor-element elementor-element-64c2810 e-con-full e-flex e-con e-child\" data-id=\"64c2810\" data-element_type=\"container\">\n\t\t\t\t<div class=\"elementor-element elementor-element-436b22e elementor-widget elementor-widget-image\" data-id=\"436b22e\" data-element_type=\"widget\" data-widget_type=\"image.default\">\n\t\t\t\t<div class=\"elementor-widget-container\">\n\t\t\t\t\t\t\t\t\t\t\t\t\t\t\t<img alt=\"\" fetchpriority=\"high\" decoding=\"async\" width=\"509\" height=\"137\" src=\"https:\/\/levilee.com.br\/wp-content\/uploads\/2025\/04\/cyrela-logo.webp\" class=\"attachment-large size-large wp-image-2956\" \/>\t\t\t\t\t\t\t\t\t\t\t\t\t\t\t<\/div>\n\t\t\t\t<\/div>\n\t\t\t\t<\/div>\n\t\t\t\t<div class=\"elementor-element elementor-element-8c00e38 elementor-widget elementor-widget-text-editor\" data-id=\"8c00e38\" data-element_type=\"widget\" data-widget_type=\"text-editor.default\">\n\t\t\t\t<div class=\"elementor-widget-container\">\n\t\t\t\t\t\t\t\t\t<p class=\"\" data-start=\"0\" data-end=\"519\">Cyrela\u662f\u4e00\u5bb6\u603b\u90e8\u4f4d\u4e8e\u5723\u4fdd\u7f57\u7684\u4e0a\u5e02\u516c\u53f8\uff0c\u4ece\u4e8b\u623f\u5730\u4ea7\u5f00\u53d1\u548c\u5efa\u7b51\u4e1a\u52a1\u3002\u8be5\u516c\u53f8\u5728\u5df4\u897f16\u4e2a\u5dde66\u4e2a\u57ce\u5e02\u5f00\u5c55\u4e1a\u52a1\uff0c\u540c\u65f6\u5728\u963f\u6839\u5ef7\u548c\u4e4c\u62c9\u572d\u4e5f\u6709\u4e1a\u52a1\u5e03\u5c40\u3002\u5176\u9879\u76ee\u7ec4\u5408\u6db5\u76d6\u878d\u5408\u5dee\u5f02\u5316\u5efa\u7b51\u8bbe\u8ba1\u3001\u6280\u672f\u548c\u9ad8\u6807\u51c6\u88c5\u4fee\u7684\u623f\u5730\u4ea7\u9879\u76ee\uff0c\u5df2\u6210\u4e3a\u623f\u5730\u4ea7\u884c\u4e1a\u6700\u53d7\u5c0a\u656c\u7684\u54c1\u724c\u4e4b\u4e00\u3002<\/p><p class=\"\" data-start=\"0\" data-end=\"519\">Cyrela\u7684\u4e3b\u8981\u627f\u8bfa\u662f\u7406\u89e3\u5ba2\u6237\u7684\u9700\u6c42\u548c\u613f\u671b\uff0c\u63d0\u4f9b\u63d0\u5347\u7f8e\u597d\u751f\u6d3b\u7406\u5ff5\u7684\u623f\u5730\u4ea7\u9879\u76ee\u3002\u901a\u8fc7\u5bf9\u6bcf\u4e2a\u7ec6\u8282\u7684\u7cbe\u5fc3\u5173\u6ce8\uff0c\u5176\u7a7a\u95f4\u8bbe\u8ba1\u65e8\u5728\u63d0\u4f9b\u54c1\u8d28\u3001\u7cbe\u81f4\u548c\u72ec\u7279\u6027\uff0c\u5728\u6bcf\u4e2a\u9879\u76ee\u4e2d\u4f53\u73b0\u4f20\u7edf\u4e0e\u521b\u65b0\u7684\u878d\u5408\u3002\u5728\u5176\u53d1\u5c55\u5386\u7a0b\u4e2d\uff0cCyrela\u4e0d\u4ec5\u4ec5\u5efa\u9020\u4e86\u623f\u4ea7\u2014\u2014\u66f4\u662f\u6784\u5efa\u4e86\u6545\u4e8b\uff0c\u59cb\u7ec8\u4ee5\u5353\u8d8a\u4e3a\u51c6\u5219\uff0c\u8ffd\u6c42\u975e\u51e1\u3002<\/p>\t\t\t\t\t\t\t\t<\/div>\n\t\t\t\t<\/div>\n\t\t\t\t<div class=\"elementor-element elementor-element-2073ed0 elementor-align-center elementor-widget elementor-widget-button\" data-id=\"2073ed0\" data-element_type=\"widget\" data-widget_type=\"button.default\">\n\t\t\t\t<div class=\"elementor-widget-container\">\n\t\t\t\t\t\t\t\t\t<div class=\"elementor-button-wrapper\">\n\t\t\t\t\t<a class=\"elementor-button elementor-button-link elementor-size-sm\" href=\"https:\/\/levilee.com.br\/cn\/imoveis_novos\/?jsf=jet-engine:lista_imoveis&#038;meta=construtora_e_incorporadora:Cyrela\">\n\t\t\t\t\t\t<span class=\"elementor-button-content-wrapper\">\n\t\t\t\t\t\t\t\t\t<span class=\"elementor-button-text\">\u4e86\u89e3\u8be5\u516c\u53f8\u7684\u623f\u5730\u4ea7\u9879\u76ee<\/span>\n\t\t\t\t\t<\/span>\n\t\t\t\t\t<\/a>\n\t\t\t\t<\/div>\n\t\t\t\t\t\t\t\t<\/div>\n\t\t\t\t<\/div>\n\t\t\t\t<\/div>\n\t\t\t\t<\/div>","protected":false},"excerpt":{"rendered":"<p>A Cyrela \u00e9 uma empresa aberta na Bolsa de Valores sediada em S\u00e3o Paulo, atuando como incorporadora e construtora. A empresa opera em 16 estados e 66 cidades brasileiras, al\u00e9m de marcar a sua presen\u00e7a na Argentina e no Uruguai. Seu portf\u00f3lio abrange empreendimentos que unem arquitetura diferenciada, tecnologia e alto padr\u00e3o de acabamento, consolidando-se [&hellip;]<\/p>","protected":false},"author":1,"featured_media":0,"parent":0,"menu_order":0,"comment_status":"closed","ping_status":"closed","template":"elementor_header_footer","meta":{"_seopress_robots_primary_cat":"","_seopress_titles_title":"","_seopress_titles_desc":"","_seopress_robots_index":"","footnotes":""},"class_list":["post-3089","page","type-page","status-publish","hentry"],"_links":{"self":[{"href":"https:\/\/levilee.com.br\/cn\/wp-json\/wp\/v2\/pages\/3089","targetHints":{"allow":["GET"]}}],"collection":[{"href":"https:\/\/levilee.com.br\/cn\/wp-json\/wp\/v2\/pages"}],"about":[{"href":"https:\/\/levilee.com.br\/cn\/wp-json\/wp\/v2\/types\/page"}],"author":[{"embeddable":true,"href":"https:\/\/levilee.com.br\/cn\/wp-json\/wp\/v2\/users\/1"}],"replies":[{"embeddable":true,"href":"https:\/\/levilee.com.br\/cn\/wp-json\/wp\/v2\/comments?post=3089"}],"version-history":[{"count":160,"href":"https:\/\/levilee.com.br\/cn\/wp-json\/wp\/v2\/pages\/3089\/revisions"}],"predecessor-version":[{"id":6621,"href":"https:\/\/levilee.com.br\/cn\/wp-json\/wp\/v2\/pages\/3089\/revisions\/6621"}],"wp:attachment":[{"href":"https:\/\/levilee.com.br\/cn\/wp-json\/wp\/v2\/media?parent=3089"}],"curies":[{"name":"wp","href":"https:\/\/api.w.org\/{rel}","templated":true}]}}