{"id":2832,"date":"2025-03-29T17:03:56","date_gmt":"2025-03-29T20:03:56","guid":{"rendered":"https:\/\/levilee.com.br\/?page_id=2832"},"modified":"2025-09-09T12:01:52","modified_gmt":"2025-09-09T15:01:52","slug":"contato","status":"publish","type":"page","link":"https:\/\/levilee.com.br\/cn\/contato\/","title":{"rendered":"\u8054\u7cfb\u65b9\u5f0f"},"content":{"rendered":"<div data-elementor-type=\"wp-page\" data-elementor-id=\"2832\" class=\"elementor elementor-2832\" data-elementor-post-type=\"page\">\n\t\t\t\t<div class=\"elementor-element elementor-element-34d81ac e-flex e-con-boxed e-con e-parent\" data-id=\"34d81ac\" data-element_type=\"container\">\n\t\t\t\t\t<div class=\"e-con-inner\">\n\t\t<div class=\"elementor-element elementor-element-5bdab56 e-con-full e-flex e-con e-child\" data-id=\"5bdab56\" data-element_type=\"container\">\n\t\t\t\t<div class=\"elementor-element elementor-element-3488170 elementor-widget elementor-widget-heading\" data-id=\"3488170\" data-element_type=\"widget\" data-widget_type=\"heading.default\">\n\t\t\t\t<div class=\"elementor-widget-container\">\n\t\t\t\t\t<h1 class=\"elementor-heading-title elementor-size-default\">\u8054\u7cfb\u65b9\u5f0f<\/h1>\t\t\t\t<\/div>\n\t\t\t\t<\/div>\n\t\t\t\t<div class=\"elementor-element elementor-element-93f2e9c elementor-icon-list--layout-traditional elementor-list-item-link-full_width elementor-widget elementor-widget-icon-list\" data-id=\"93f2e9c\" data-element_type=\"widget\" data-widget_type=\"icon-list.default\">\n\t\t\t\t<div class=\"elementor-widget-container\">\n\t\t\t\t\t\t\t<ul class=\"elementor-icon-list-items\">\n\t\t\t\t\t\t\t<li class=\"elementor-icon-list-item\">\n\t\t\t\t\t\t\t\t\t\t<span class=\"elementor-icon-list-text\">Levi (Kenny Lee)<\/span>\n\t\t\t\t\t\t\t\t\t<\/li>\n\t\t\t\t\t\t\t\t<li class=\"elementor-icon-list-item\">\n\t\t\t\t\t\t\t\t\t\t<span class=\"elementor-icon-list-text\">CRECI: 308616-F<\/span>\n\t\t\t\t\t\t\t\t\t<\/li>\n\t\t\t\t\t\t\t\t<li class=\"elementor-icon-list-item\">\n\t\t\t\t\t\t\t\t\t\t<span class=\"elementor-icon-list-text\"><\/span>\n\t\t\t\t\t\t\t\t\t<\/li>\n\t\t\t\t\t\t\t\t<li class=\"elementor-icon-list-item\">\n\t\t\t\t\t\t\t\t\t\t\t<span class=\"elementor-icon-list-icon\">\n\t\t\t\t\t\t\t<svg aria-hidden=\"true\" class=\"e-font-icon-svg e-fas-phone-alt\" viewbox=\"0 0 512 512\" xmlns=\"http:\/\/www.w3.org\/2000\/svg\"><path d=\"M497.39 361.8l-112-48a24 24 0 0 0-28 6.9l-49.6 60.6A370.66 370.66 0 0 1 130.6 204.11l60.6-49.6a23.94 23.94 0 0 0 6.9-28l-48-112A24.16 24.16 0 0 0 122.6.61l-104 24A24 24 0 0 0 0 48c0 256.5 207.9 464 464 464a24 24 0 0 0 23.4-18.6l24-104a24.29 24.29 0 0 0-14.01-27.6z\"><\/path><\/svg>\t\t\t\t\t\t<\/span>\n\t\t\t\t\t\t\t\t\t\t<span class=\"elementor-icon-list-text\">+55 (11) 9 9996-8271<\/span>\n\t\t\t\t\t\t\t\t\t<\/li>\n\t\t\t\t\t\t\t\t<li class=\"elementor-icon-list-item\">\n\t\t\t\t\t\t\t\t\t\t\t<span class=\"elementor-icon-list-icon\">\n\t\t\t\t\t\t\t<svg aria-hidden=\"true\" class=\"e-font-icon-svg e-fas-mail-bulk\" viewbox=\"0 0 576 512\" xmlns=\"http:\/\/www.w3.org\/2000\/svg\"><path d=\"M160 448c-25.6 0-51.2-22.4-64-32-64-44.8-83.2-60.8-96-70.4V480c0 17.67 14.33 32 32 32h256c17.67 0 32-14.33 32-32V345.6c-12.8 9.6-32 25.6-96 70.4-12.8 9.6-38.4 32-64 32zm128-192H32c-17.67 0-32 14.33-32 32v16c25.6 19.2 22.4 19.2 115.2 86.4 9.6 6.4 28.8 25.6 44.8 25.6s35.2-19.2 44.8-22.4c92.8-67.2 89.6-67.2 115.2-86.4V288c0-17.67-14.33-32-32-32zm256-96H224c-17.67 0-32 14.33-32 32v32h96c33.21 0 60.59 25.42 63.71 57.82l.29-.22V416h192c17.67 0 32-14.33 32-32V192c0-17.67-14.33-32-32-32zm-32 128h-64v-64h64v64zm-352-96c0-35.29 28.71-64 64-64h224V32c0-17.67-14.33-32-32-32H96C78.33 0 64 14.33 64 32v192h96v-32z\"><\/path><\/svg>\t\t\t\t\t\t<\/span>\n\t\t\t\t\t\t\t\t\t\t<span class=\"elementor-icon-list-text\">levi.lee@sellerassociados.com.br<\/span>\n\t\t\t\t\t\t\t\t\t<\/li>\n\t\t\t\t\t\t<\/ul>\n\t\t\t\t\t\t<\/div>\n\t\t\t\t<\/div>\n\t\t\t\t<div class=\"elementor-element elementor-element-9d9f35c elementor-align-justify elementor-widget elementor-widget-button\" data-id=\"9d9f35c\" data-element_type=\"widget\" data-widget_type=\"button.default\">\n\t\t\t\t<div class=\"elementor-widget-container\">\n\t\t\t\t\t\t\t\t\t<div class=\"elementor-button-wrapper\">\n\t\t\t\t\t<a class=\"elementor-button elementor-button-link elementor-size-sm\" href=\"https:\/\/wa.me\/5511999968271\" target=\"_blank\">\n\t\t\t\t\t\t<span class=\"elementor-button-content-wrapper\">\n\t\t\t\t\t\t\t\t\t<span class=\"elementor-button-text\">\u70b9\u51fb\u901a\u8fc7 WhatsApp \u7acb\u5373\u8054\u7cfb<\/span>\n\t\t\t\t\t<\/span>\n\t\t\t\t\t<\/a>\n\t\t\t\t<\/div>\n\t\t\t\t\t\t\t\t<\/div>\n\t\t\t\t<\/div>\n\t\t\t\t<\/div>\n\t\t<div class=\"elementor-element elementor-element-83b99a2 e-con-full e-flex e-con e-child\" data-id=\"83b99a2\" data-element_type=\"container\">\n\t\t\t\t<div class=\"elementor-element elementor-element-4253f1b elementor-widget elementor-widget-image\" data-id=\"4253f1b\" data-element_type=\"widget\" data-widget_type=\"image.default\">\n\t\t\t\t<div class=\"elementor-widget-container\">\n\t\t\t\t\t\t\t\t\t\t\t\t\t\t\t<img alt=\"\" fetchpriority=\"high\" decoding=\"async\" width=\"768\" height=\"765\" src=\"https:\/\/levilee.com.br\/wp-content\/uploads\/2025\/09\/QR-Wechat-no-background-768x765.png\" class=\"attachment-medium_large size-medium_large wp-image-6388\" srcset=\"https:\/\/levilee.com.br\/wp-content\/uploads\/2025\/09\/QR-Wechat-no-background-768x765.png 768w, https:\/\/levilee.com.br\/wp-content\/uploads\/2025\/09\/QR-Wechat-no-background-1000x996.png 1000w, https:\/\/levilee.com.br\/wp-content\/uploads\/2025\/09\/QR-Wechat-no-background-1024x1020.png 1024w, https:\/\/levilee.com.br\/wp-content\/uploads\/2025\/09\/QR-Wechat-no-background-150x150.png 150w, https:\/\/levilee.com.br\/wp-content\/uploads\/2025\/09\/QR-Wechat-no-background-12x12.png 12w, https:\/\/levilee.com.br\/wp-content\/uploads\/2025\/09\/QR-Wechat-no-background.png 1076w\" sizes=\"(max-width: 768px) 100vw, 768px\" \/>\t\t\t\t\t\t\t\t\t\t\t\t\t\t\t<\/div>\n\t\t\t\t<\/div>\n\t\t\t\t<div class=\"elementor-element elementor-element-ed459a7 elementor-widget elementor-widget-text-editor\" data-id=\"ed459a7\" data-element_type=\"widget\" data-widget_type=\"text-editor.default\">\n\t\t\t\t<div class=\"elementor-widget-container\">\n\t\t\t\t\t\t\t\t\t<p>\u626b\u63cf\u5fae\u4fe1\u4e8c\u7ef4\u7801<\/p>\t\t\t\t\t\t\t\t<\/div>\n\t\t\t\t<\/div>\n\t\t\t\t<\/div>\n\t\t\t\t\t<\/div>\n\t\t\t\t<\/div>\n\t\t<div class=\"elementor-element elementor-element-feeeaef e-flex e-con-boxed e-con e-parent\" data-id=\"feeeaef\" data-element_type=\"container\">\n\t\t\t\t\t<div class=\"e-con-inner\">\n\t\t\t\t<div class=\"elementor-element elementor-element-b617e28 elementor-widget elementor-widget-heading\" data-id=\"b617e28\" data-element_type=\"widget\" data-widget_type=\"heading.default\">\n\t\t\t\t<div class=\"elementor-widget-container\">\n\t\t\t\t\t<h2 class=\"elementor-heading-title elementor-size-default\">\u8bf7\u5199\u4e0b\u60a8\u7684\u6d88\u606f<\/h2>\t\t\t\t<\/div>\n\t\t\t\t<\/div>\n\t\t<div class=\"elementor-element elementor-element-9d17506 e-con-full e-flex e-con e-child\" data-id=\"9d17506\" data-element_type=\"container\">\n\t\t\t\t<div class=\"elementor-element elementor-element-f6f4b9d elementor-button-align-stretch elementor-widget elementor-widget-form\" data-id=\"f6f4b9d\" data-element_type=\"widget\" data-settings=\"{&quot;step_next_label&quot;:&quot;Pr\\u00f3ximo&quot;,&quot;step_previous_label&quot;:&quot;Anterior&quot;,&quot;button_width&quot;:&quot;100&quot;,&quot;step_type&quot;:&quot;number_text&quot;,&quot;step_icon_shape&quot;:&quot;circle&quot;}\" data-widget_type=\"form.default\">\n\t\t\t\t<div class=\"elementor-widget-container\">\n\t\t\t\t\t\t\t<form class=\"elementor-form\" method=\"post\" name=\"Entre_em_contato\" aria-label=\"Entre_em_contato\" action=\"\">\n\t\t\t<input type=\"hidden\" name=\"post_id\" value=\"2832\"\/>\n\t\t\t<input type=\"hidden\" name=\"form_id\" value=\"f6f4b9d\"\/>\n\t\t\t<input type=\"hidden\" name=\"referer_title\" value=\"Contato\" \/>\n\n\t\t\t\t\t\t\t<input type=\"hidden\" name=\"queried_id\" value=\"2832\"\/>\n\t\t\t\n\t\t\t<div class=\"elementor-form-fields-wrapper elementor-labels-above\">\n\t\t\t\t\t\t\t\t<div class=\"elementor-field-type-text elementor-field-group elementor-column elementor-field-group-name elementor-col-100 elementor-field-required\">\n\t\t\t\t\t\t\t\t\t\t\t\t<label for=\"form-field-name\" class=\"elementor-field-label\">\n\t\t\t\t\t\t\t\t\u5168\u540d\t\t\t\t\t\t\t<\/label>\n\t\t\t\t\t\t\t\t\t\t\t\t\t\t<input size=\"1\" type=\"text\" name=\"form_fields[name]\" id=\"form-field-name\" class=\"elementor-field elementor-size-sm  elementor-field-textual\" placeholder=\"\u8bf7\u8f93\u5165\u60a8\u7684\u5168\u540d\" required=\"required\">\n\t\t\t\t\t\t\t\t\t\t\t<\/div>\n\t\t\t\t\t\t\t\t<div class=\"elementor-field-type-text elementor-field-group elementor-column elementor-field-group-field_29c8f08 elementor-col-100 elementor-field-required\">\n\t\t\t\t\t\t\t\t\t\t\t\t<label for=\"form-field-field_29c8f08\" class=\"elementor-field-label\">\n\t\t\t\t\t\t\t\t\u7535\u8bdd\t\t\t\t\t\t\t<\/label>\n\t\t\t\t\t\t\t\t\t\t\t\t\t\t<input size=\"1\" type=\"text\" name=\"form_fields[field_29c8f08]\" id=\"form-field-field_29c8f08\" class=\"elementor-field elementor-size-sm  elementor-field-textual\" placeholder=\"\u8bf7\u8f93\u5165\u60a8\u7684\u5df4\u897f\u624b\u673a\u53f7\uff08\u5305\u62ecDDD\u533a\u53f7\uff09\" required=\"required\">\n\t\t\t\t\t\t\t\t\t\t\t<\/div>\n\t\t\t\t\t\t\t\t<div class=\"elementor-field-type-email elementor-field-group elementor-column elementor-field-group-email elementor-col-100 elementor-field-required\">\n\t\t\t\t\t\t\t\t\t\t\t\t<label for=\"form-field-email\" class=\"elementor-field-label\">\n\t\t\t\t\t\t\t\t\u7535\u5b50\u90ae\u7bb1\t\t\t\t\t\t\t<\/label>\n\t\t\t\t\t\t\t\t\t\t\t\t\t\t<input size=\"1\" type=\"email\" name=\"form_fields[email]\" id=\"form-field-email\" class=\"elementor-field elementor-size-sm  elementor-field-textual\" placeholder=\"\u8bf7\u8f93\u5165\u60a8\u7684\u7535\u5b50\u90ae\u7bb1\" required=\"required\">\n\t\t\t\t\t\t\t\t\t\t\t<\/div>\n\t\t\t\t\t\t\t\t<div class=\"elementor-field-type-select elementor-field-group elementor-column elementor-field-group-field_358875f elementor-col-100 elementor-field-required\">\n\t\t\t\t\t\t\t\t\t\t\t\t<label for=\"form-field-field_358875f\" class=\"elementor-field-label\">\n\t\t\t\t\t\t\t\t\u8054\u7cfb\u539f\u56e0\t\t\t\t\t\t\t<\/label>\n\t\t\t\t\t\t\t\t<div class=\"elementor-field elementor-select-wrapper remove-before\">\n\t\t\t<div class=\"select-caret-down-wrapper\">\n\t\t\t\t<svg aria-hidden=\"true\" class=\"e-font-icon-svg e-eicon-caret-down\" viewbox=\"0 0 571.4 571.4\" xmlns=\"http:\/\/www.w3.org\/2000\/svg\"><path d=\"M571 393Q571 407 561 418L311 668Q300 679 286 679T261 668L11 418Q0 407 0 393T11 368 36 357H536Q550 357 561 368T571 393Z\"><\/path><\/svg>\t\t\t<\/div>\n\t\t\t<select name=\"form_fields[field_358875f]\" id=\"form-field-field_358875f\" class=\"elementor-field-textual elementor-size-sm\" required=\"required\">\n\t\t\t\t\t\t\t\t\t<option value=\"Sou cliente e quero agendar uma visita\">\u6211\u662f\u5ba2\u6237\uff0c\u60f3\u9884\u7ea6\u53c2\u89c2<\/option>\n\t\t\t\t\t\t\t\t\t<option value=\"Sou corretor e quero fazer parcerias\">\u6210\u4e3a\u5408\u4f5c\u4f19\u4f34<\/option>\n\t\t\t\t\t\t\t\t\t<option value=\"Sugest\u00f5es ou cr\u00edticas\">\u5efa\u8bae\u4e0e\u53cd\u9988<\/option>\n\t\t\t\t\t\t\t\t\t<option value=\"Relatar problemas no site\">\u7f51\u7ad9\u95ee\u9898<\/option>\n\t\t\t\t\t\t\t\t\t<option value=\"Outro motivo\">\u5176\u4ed6\u539f\u56e0<\/option>\n\t\t\t\t\t\t\t<\/select>\n\t\t<\/div>\n\t\t\t\t\t\t<\/div>\n\t\t\t\t\t\t\t\t<div class=\"elementor-field-type-textarea elementor-field-group elementor-column elementor-field-group-message elementor-col-100 elementor-field-required\">\n\t\t\t\t\t\t\t\t\t\t\t\t<label for=\"form-field-message\" class=\"elementor-field-label\">\n\t\t\t\t\t\t\t\t\u7559\u8a00\t\t\t\t\t\t\t<\/label>\n\t\t\t\t\t\t<textarea class=\"elementor-field-textual elementor-field  elementor-size-sm\" name=\"form_fields[message]\" id=\"form-field-message\" rows=\"5\" placeholder=\"\u8bf7\u5199\u4e0b\u60a8\u7684\u7559\u8a00\" required=\"required\"><\/textarea>\t\t\t\t<\/div>\n\t\t\t\t\t\t\t\t<div class=\"elementor-field-type-html elementor-field-group elementor-column elementor-field-group-field_088322c elementor-col-100\">\n\t\t\t\t\t\"\u6240\u6709\u680f\u4f4d\u7686\u4e3a\u5fc5\u586b\"\t\t\t\t<\/div>\n\t\t\t\t\t\t\t\t<div class=\"elementor-field-type-html elementor-field-group elementor-column elementor-field-group-field_9eca68b elementor-col-100\">\n\t\t\t\t\t\u6b64\u7f51\u7ad9\u53d7 reCAPTCHA \u6280\u672f\u4fdd\u62a4\uff0c\u5e76\u9075\u5faa Google \u7684\n    <a href=\"https:\/\/policies.google.com\/privacy\">\u300a\u9690\u79c1\u6743\u653f\u7b56\u300b <\/a> \u4ee5\u53ca\n    <a href=\"https:\/\/policies.google.com\/terms\">\u300a\u670d\u52a1\u6761\u6b3e\u300b <\/a> \u3002\t\t\t\t<\/div>\n\t\t\t\t\t\t\t\t<div class=\"elementor-field-type-recaptcha_v3 elementor-field-group elementor-column elementor-field-group-field_4f241d2 elementor-col-100 recaptcha_v3-bottomleft\">\n\t\t\t\t\t<div class=\"elementor-field\" id=\"form-field-field_4f241d2\"><div class=\"elementor-g-recaptcha\" data-sitekey=\"6LfeeyUrAAAAALqZ-z6zp1uF9eS7z4C-oUmnGDKr\" data-type=\"v3\" data-action=\"Form\" data-badge=\"bottomleft\" data-size=\"invisible\"><\/div><\/div>\t\t\t\t<\/div>\n\t\t\t\t\t\t\t\t<div class=\"elementor-field-group elementor-column elementor-field-type-submit elementor-col-100 e-form__buttons\">\n\t\t\t\t\t<button class=\"elementor-button elementor-size-sm\" type=\"submit\">\n\t\t\t\t\t\t<span class=\"elementor-button-content-wrapper\">\n\t\t\t\t\t\t\t\t\t\t\t\t\t\t\t\t\t\t\t\t\t\t<span class=\"elementor-button-text\">\u786e\u8ba4\u53d1\u9001<\/span>\n\t\t\t\t\t\t\t\t\t\t\t\t\t<\/span>\n\t\t\t\t\t<\/button>\n\t\t\t\t<\/div>\n\t\t\t<\/div>\n\t\t<input type=\"hidden\" name=\"trp-form-language\" value=\"cn\"\/><\/form>\n\t\t\t\t\t\t<\/div>\n\t\t\t\t<\/div>\n\t\t\t\t<div class=\"elementor-element elementor-element-ea0bf44 elementor-widget elementor-widget-html\" data-id=\"ea0bf44\" data-element_type=\"widget\" data-widget_type=\"html.default\">\n\t\t\t\t<div class=\"elementor-widget-container\">\n\t\t\t\t\t<!-- \n  M\u00e1scara para campo de nome completo no formul\u00e1rio Elementor.\n  \n  Descri\u00e7\u00e3o:\n  - Este campo valida o nome completo inserido pelo usu\u00e1rio.\n  - Aceita **nomes latinos** (com letras do alfabeto latino, incluindo caracteres especiais como \u00e7, \u00e3, etc.) e **caracteres chineses**.\n  \n  Limita\u00e7\u00f5es de valida\u00e7\u00e3o:\n  1. **Para nomes latinos**:\n     - Deve conter pelo menos um **nome e sobrenome** (exemplo: Jo\u00e3o Silva).\n     - N\u00e3o aceita apenas o **primeiro nome**, deve ter ao menos dois componentes (nome + sobrenome).\n  2. **Para caracteres chineses**:\n     - Deve ter **entre 2 e 4 ideogramas** (exemplo: \u674e\u660e ou \u738b\u5927\u4f1f).\n     - N\u00e3o aceita menos de 2 ou mais de 4 caracteres chineses.\n  3. **Outros caracteres n\u00e3o permitidos**:\n     - N\u00fameros, s\u00edmbolos ou caracteres especiais fora do padr\u00e3o n\u00e3o s\u00e3o aceitos.\n  \n  Caso o nome inserido n\u00e3o atenda a algum dos crit\u00e9rios acima:\n  - Aparece uma **mensagem de erro em vermelho** abaixo do campo, indicando o problema.\n  - O conte\u00fado inserido \u00e9 apagado automaticamente.\n-->\n\n<script>\n  document.addEventListener('DOMContentLoaded', function () {\n    const nameInput = document.getElementById('form-field-name');\n    const errorText = document.createElement('div'); \/\/ Cria o elemento de erro\n    errorText.style.color = 'red'; \/\/ Define a cor do texto de erro como vermelho\n    nameInput.parentNode.appendChild(errorText); \/\/ Adiciona o texto de erro abaixo do campo\n\n    \/\/ Fun\u00e7\u00e3o que valida o nome completo\n    function validateName(value) {\n      errorText.innerHTML = ''; \/\/ Limpa a mensagem de erro ao validar novamente\n\n      \/\/ Verifica se \u00e9 um nome latino (letras latinas)\n      const latinNamePattern = \/^[a-zA-Z\u00e1-\u00fa\u00e3\u00f5\u00e7\u00e1\u00e9\u00ed\u00f3\u00fa\u00e3\u00f5\u00e0\u00e8]+( [a-zA-Z\u00e1-\u00fa\u00e3\u00f5\u00e7\u00e1\u00e9\u00ed\u00f3\u00fa\u00e3\u00f5\u00e0\u00e8]+)+$\/;\n      \/\/ Verifica se \u00e9 um nome com caracteres chineses (2 a 4 caracteres)\n      const chineseNamePattern = \/^[\\u4e00-\\u9fa5]{2,4}$\/;\n\n      if (value.match(latinNamePattern)) {\n        if (value.split(' ').length < 2) {\n          errorText.innerHTML = 'Por favor, informe um nome completo v\u00e1lido.';\n          nameInput.value = '';\n        }\n      } else if (value.match(chineseNamePattern)) {\n        if (value.length < 2 || value.length > 4) {\n          errorText.innerHTML = 'Por favor, informe um nome completo v\u00e1lido.';\n          nameInput.value = '';\n        }\n      } else {\n        errorText.innerHTML = 'Por favor, informe um nome completo v\u00e1lido.';\n        nameInput.value = '';\n      }\n    }\n\n    \/\/ Valida\u00e7\u00e3o ao pressionar Enter ou sair do campo\n    nameInput.addEventListener('blur', function () {\n      if (nameInput.value.trim() !== '') {\n        validateName(nameInput.value.trim());\n      }\n    });\n\n    nameInput.addEventListener('keypress', function (e) {\n      if (e.key === 'Enter') {\n        e.preventDefault();\n        validateName(nameInput.value.trim());\n      }\n    });\n  });\n<\/script>\n\t\t\t\t<\/div>\n\t\t\t\t<\/div>\n\t\t\t\t<div class=\"elementor-element elementor-element-e69e167 elementor-widget elementor-widget-html\" data-id=\"e69e167\" data-element_type=\"widget\" data-widget_type=\"html.default\">\n\t\t\t\t<div class=\"elementor-widget-container\">\n\t\t\t\t\t<!--  \n  M\u00e1scara para campo de telefone no formul\u00e1rio Elementor (formato celular brasileiro).\n  \n  Descri\u00e7\u00e3o:\n  - Este campo valida o n\u00famero de celular brasileiro inserido pelo usu\u00e1rio.\n  - O formato v\u00e1lido \u00e9 (XX) 9XXXX-XXXX, onde XX \u00e9 o DDD e X s\u00e3o os n\u00fameros do celular.\n  \n  Limita\u00e7\u00f5es de valida\u00e7\u00e3o:\n  1. **O n\u00famero precisa ter 9 d\u00edgitos ap\u00f3s o DDD** (exemplo: (11) 99999-9999).\n  2. **O primeiro n\u00famero ap\u00f3s o DDD deve ser 9**. Caso contr\u00e1rio, o n\u00famero ser\u00e1 considerado inv\u00e1lido.\n  \n  Caso o n\u00famero inserido n\u00e3o atenda a algum dos crit\u00e9rios acima:\n  - Aparece uma **mensagem de erro em vermelho** abaixo do campo, indicando o problema.\n  - O conte\u00fado inserido \u00e9 apagado automaticamente.\n-->\n\n<script>\n  document.addEventListener('DOMContentLoaded', function () {\n    const phoneInput = document.getElementById('form-field-field_29c8f08');\n    const errorText = document.createElement('div'); \/\/ Cria o elemento de erro\n    errorText.style.color = 'red'; \/\/ Define a cor do texto de erro como vermelho\n    phoneInput.parentNode.appendChild(errorText); \/\/ Adiciona o texto de erro abaixo do campo\n\n    \/\/ Fun\u00e7\u00e3o que aplica a m\u00e1scara de telefone\n    function applyPhoneMask(value) {\n      \/\/ Remove qualquer caractere n\u00e3o num\u00e9rico\n      value = value.replace(\/\\D\/g, '');\n\n      \/\/ Aplica a m\u00e1scara para o formato (XX) 9XXXX-XXXX\n      if (value.length <= 2) {\n        return `(${value}`;\n      } else if (value.length <= 6) {\n        return `(${value.slice(0, 2)}) ${value.slice(2)}`;\n      } else {\n        return `(${value.slice(0, 2)}) ${value.slice(2, 7)}-${value.slice(7, 11)}`;\n      }\n    }\n\n    \/\/ Fun\u00e7\u00e3o que valida o telefone\n    function validatePhone(value) {\n      errorText.innerHTML = ''; \/\/ Limpa a mensagem de erro ao validar novamente\n\n      \/\/ Remove qualquer caractere que n\u00e3o seja n\u00famero\n      const phone = value.replace(\/\\D\/g, '');\n\n      \/\/ Verifica se o telefone tem o formato correto de um celular brasileiro (com 9 d\u00edgitos ap\u00f3s o DDD)\n      const phonePattern = \/^\\d{2}\\d{9}$\/;  \/\/ Ex: (11) 99999-9999 sem os par\u00eanteses e h\u00edfen\n\n      if (!phone.match(phonePattern)) {\n        errorText.innerHTML = 'Por favor, insira um n\u00famero de celular brasileiro v\u00e1lido.';\n        phoneInput.value = ''; \/\/ Limpa o campo\n        return;\n      }\n\n      \/\/ Verifica se o n\u00famero come\u00e7a com 9 ap\u00f3s o DDD\n      const firstDigitAfterDDD = phone.charAt(2); \/\/ O n\u00famero logo ap\u00f3s o DDD\n      if (firstDigitAfterDDD !== '9') {\n        errorText.innerHTML = 'Por favor, insira um n\u00famero de celular brasileiro v\u00e1lido.';\n        phoneInput.value = ''; \/\/ Limpa o campo\n      }\n    }\n\n    \/\/ Aplica a m\u00e1scara enquanto o usu\u00e1rio digita\n    phoneInput.addEventListener('input', function (e) {\n      const formattedValue = applyPhoneMask(e.target.value);\n      e.target.value = formattedValue; \/\/ Aplica a m\u00e1scara no campo de telefone\n    });\n\n    \/\/ Valida\u00e7\u00e3o ao pressionar Enter ou sair do campo\n    phoneInput.addEventListener('blur', function () {\n      validatePhone(phoneInput.value.trim());\n    });\n\n    phoneInput.addEventListener('keypress', function (e) {\n      \/\/ Verifica se a tecla pressionada foi Enter (c\u00f3digo 13)\n      if (e.key === 'Enter') {\n        validatePhone(phoneInput.value.trim());\n      }\n    });\n  });\n<\/script>\n\t\t\t\t<\/div>\n\t\t\t\t<\/div>\n\t\t\t\t<div class=\"elementor-element elementor-element-2856a22 elementor-widget elementor-widget-html\" data-id=\"2856a22\" data-element_type=\"widget\" data-widget_type=\"html.default\">\n\t\t\t\t<div class=\"elementor-widget-container\">\n\t\t\t\t\t<!--\n  Valida\u00e7\u00e3o simples de e-mail no formul\u00e1rio Elementor.\n\n  Descri\u00e7\u00e3o:\n  - Ap\u00f3s o usu\u00e1rio sair do campo ou pressionar Enter, o c\u00f3digo verifica se o valor cont\u00e9m o caractere \"@\".\n  - Se n\u00e3o houver \"@\", uma mensagem de erro em vermelho aparece abaixo do campo.\n  - N\u00e3o h\u00e1 alertas pop-up e o valor n\u00e3o \u00e9 apagado.\n-->\n\n<script>\n  document.addEventListener('DOMContentLoaded', function () {\n    const emailInput = document.getElementById('form-field-email');\n\n    const errorText = document.createElement('div');\n    errorText.style.color = 'red';\n    errorText.style.fontSize = '0.9em';\n    emailInput.parentNode.appendChild(errorText);\n\n    function validateEmail(value) {\n      errorText.innerHTML = ''; \/\/ Limpa erro anterior\n\n      if (!value.includes('@')) {\n        errorText.innerHTML = 'Favor informar um email v\u00e1lido.';\n      }\n    }\n\n    emailInput.addEventListener('blur', function () {\n      validateEmail(emailInput.value.trim());\n    });\n\n    emailInput.addEventListener('keypress', function (e) {\n      if (e.key === 'Enter') {\n        validateEmail(emailInput.value.trim());\n      }\n    });\n  });\n<\/script>\n\t\t\t\t<\/div>\n\t\t\t\t<\/div>\n\t\t\t\t<\/div>\n\t\t\t\t\t<\/div>\n\t\t\t\t<\/div>\n\t\t\t\t<\/div>","protected":false},"excerpt":{"rendered":"<p>Contato Levi (Kenny Lee) CRECI: 308616-F +55 (11) 9 9996-8271 levi.lee@sellerassociados.com.br Falar no WhatsApp WeChat QR code Deixe a sua mensagem aqui<\/p>","protected":false},"author":1,"featured_media":0,"parent":0,"menu_order":0,"comment_status":"closed","ping_status":"closed","template":"elementor_header_footer","meta":{"_seopress_robots_primary_cat":"","_seopress_titles_title":"","_seopress_titles_desc":"","_seopress_robots_index":"","footnotes":""},"class_list":["post-2832","page","type-page","status-publish","hentry"],"_links":{"self":[{"href":"https:\/\/levilee.com.br\/cn\/wp-json\/wp\/v2\/pages\/2832","targetHints":{"allow":["GET"]}}],"collection":[{"href":"https:\/\/levilee.com.br\/cn\/wp-json\/wp\/v2\/pages"}],"about":[{"href":"https:\/\/levilee.com.br\/cn\/wp-json\/wp\/v2\/types\/page"}],"author":[{"embeddable":true,"href":"https:\/\/levilee.com.br\/cn\/wp-json\/wp\/v2\/users\/1"}],"replies":[{"embeddable":true,"href":"https:\/\/levilee.com.br\/cn\/wp-json\/wp\/v2\/comments?post=2832"}],"version-history":[{"count":70,"href":"https:\/\/levilee.com.br\/cn\/wp-json\/wp\/v2\/pages\/2832\/revisions"}],"predecessor-version":[{"id":6399,"href":"https:\/\/levilee.com.br\/cn\/wp-json\/wp\/v2\/pages\/2832\/revisions\/6399"}],"wp:attachment":[{"href":"https:\/\/levilee.com.br\/cn\/wp-json\/wp\/v2\/media?parent=2832"}],"curies":[{"name":"wp","href":"https:\/\/api.w.org\/{rel}","templated":true}]}}