{"id":2828,"date":"2025-03-29T17:03:19","date_gmt":"2025-03-29T20:03:19","guid":{"rendered":"https:\/\/levilee.com.br\/?page_id=2828"},"modified":"2025-06-16T11:34:43","modified_gmt":"2025-06-16T14:34:43","slug":"sobre-mim","status":"publish","type":"page","link":"https:\/\/levilee.com.br\/cn\/sobre-mim\/","title":{"rendered":"\u5173\u4e8e\u6211"},"content":{"rendered":"<div data-elementor-type=\"wp-page\" data-elementor-id=\"2828\" class=\"elementor elementor-2828\" data-elementor-post-type=\"page\">\n\t\t\t\t<div class=\"elementor-element elementor-element-e58df62 e-flex e-con-boxed e-con e-parent\" data-id=\"e58df62\" data-element_type=\"container\">\n\t\t\t\t\t<div class=\"e-con-inner\">\n\t\t\t\t<div class=\"elementor-element elementor-element-05a97e3 elementor-widget elementor-widget-heading\" data-id=\"05a97e3\" data-element_type=\"widget\" data-widget_type=\"heading.default\">\n\t\t\t\t<div class=\"elementor-widget-container\">\n\t\t\t\t\t<h1 class=\"elementor-heading-title elementor-size-default\">\u5173\u4e8e\u6211<\/h1>\t\t\t\t<\/div>\n\t\t\t\t<\/div>\n\t\t\t\t\t<\/div>\n\t\t\t\t<\/div>\n\t\t<div class=\"elementor-element elementor-element-a03c1e4 e-flex e-con-boxed e-con e-parent\" data-id=\"a03c1e4\" data-element_type=\"container\">\n\t\t\t\t\t<div class=\"e-con-inner\">\n\t\t<div class=\"elementor-element elementor-element-f9a5296 e-con-full e-flex e-con e-child\" data-id=\"f9a5296\" data-element_type=\"container\">\n\t\t\t\t<div class=\"elementor-element elementor-element-0d5454b elementor-widget elementor-widget-image\" data-id=\"0d5454b\" data-element_type=\"widget\" data-widget_type=\"image.default\">\n\t\t\t\t<div class=\"elementor-widget-container\">\n\t\t\t\t\t\t\t\t\t\t\t\t\t\t\t<img alt=\"\" fetchpriority=\"high\" decoding=\"async\" width=\"800\" height=\"804\" src=\"https:\/\/levilee.com.br\/wp-content\/uploads\/2025\/06\/Foto-Levi-1019x1024.webp\" class=\"attachment-large size-large wp-image-5616\" srcset=\"https:\/\/levilee.com.br\/wp-content\/uploads\/2025\/06\/Foto-Levi-1019x1024.webp 1019w, https:\/\/levilee.com.br\/wp-content\/uploads\/2025\/06\/Foto-Levi-995x1000.webp 995w, https:\/\/levilee.com.br\/wp-content\/uploads\/2025\/06\/Foto-Levi-150x150.webp 150w, https:\/\/levilee.com.br\/wp-content\/uploads\/2025\/06\/Foto-Levi-768x772.webp 768w, https:\/\/levilee.com.br\/wp-content\/uploads\/2025\/06\/Foto-Levi-12x12.webp 12w, https:\/\/levilee.com.br\/wp-content\/uploads\/2025\/06\/Foto-Levi.webp 1168w\" sizes=\"(max-width: 800px) 100vw, 800px\" \/>\t\t\t\t\t\t\t\t\t\t\t\t\t\t\t<\/div>\n\t\t\t\t<\/div>\n\t\t\t\t<\/div>\n\t\t<div class=\"elementor-element elementor-element-3e3800d e-con-full e-flex e-con e-child\" data-id=\"3e3800d\" data-element_type=\"container\">\n\t\t\t\t<div class=\"elementor-element elementor-element-8f50139 elementor-widget elementor-widget-text-editor\" data-id=\"8f50139\" data-element_type=\"widget\" data-widget_type=\"text-editor.default\">\n\t\t\t\t<div class=\"elementor-widget-container\">\n\t\t\t\t\t\t\t\t\t<p class=\"\" data-start=\"368\" data-end=\"583\">\u4f60\u597d\uff0c\u6211\u662f\u674e\u7ef4\uff08Levi\uff09\u3002\u4f5c\u4e3aCyrela\u96c6\u56e2\u7684\u72ec\u5bb6\u623f\u5730\u4ea7\u987e\u95ee\uff0c\u6211\u4e13\u6ce8\u4e8e\u4e3a\u5df4\u897f\u548c\u4e2d\u56fd\u5ba2\u6237\u63d0\u4f9b\u8d34\u5fc3\u7684\u8d2d\u623f\u54a8\u8be2\u670d\u52a1\u3002\u6211\u7cbe\u901a <strong>\u4e2d\u6587\u548c\u8461\u8404\u7259\u6587<\/strong>\uff0c\u80fd\u4e3a\u60a8\u5e26\u6765 <strong>\u6e05\u6670\u53ca\u9ad8\u6548\u7684\u6c9f\u901a\u4f53\u9a8c\u3002<\/strong>.<\/p><p class=\"\" data-start=\"585\" data-end=\"993\">\u6211\u4e00\u76f4\u8ba4\u4e3a\uff0c\u623f\u4ea7\u987e\u95ee\u7684\u5de5\u4f5c\u5c31\u50cf\u533b\u751f\u770b\u8bca\u4e00\u6837\u3002\n\u5728\u5e2e\u60a8\u627e\u5230\u7406\u60f3\u7684\u623f\u5b50\u4e4b\u524d\uff0c\u6211\u9996\u5148\u60f3 <strong>\u771f\u6b63\u4e86\u89e3\u60a8\u7684\u9700\u6c42\u3002<\/strong>\u56e0\u6b64\uff0c\u6211\u4f1a\u82b1\u65f6\u95f4\u503e\u542c\u60a8\u7684\u6545\u4e8b\uff0c\u4e86\u89e3\u60a8\u7684\u60c5\u51b5\u548c\u671f\u5f85\u3002\n\u53ea\u6709\u8fd9\u6837\uff0c\u6211\u624d\u80fd\u4e3a\u60a8\u91cf\u8eab\u6253\u9020\u6700\u5408\u9002\u7684\u8d2d\u623f\u65b9\u6848\u3002\n\u6bcf\u4e00\u6b65\u6211\u90fd\u4ee5\u4fe1\u4efb\u3001\u900f\u660e\u548c\u5168\u5fc3\u6295\u5165\u6765\u966a\u4f34\u60a8\uff0c\u7ed9\u60a8\u6700\u5b89\u5fc3\u7684\u670d\u52a1\u4f53\u9a8c\u3002<\/p><h4 data-start=\"1436\" data-end=\"1456\"><strong data-start=\"1440\" data-end=\"1456\">\u6211\u7684\u4f7f\u547d<\/strong><\/h4><p class=\"\" data-start=\"1457\" data-end=\"1801\">\u6211\u7684\u4f7f\u547d\u662f\u63d0\u4f9b <strong data-start=\"1481\" data-end=\"1522\">\u4e2a\u6027\u5316\u7684\u623f\u5730\u4ea7\u54a8\u8be2\u670d\u52a1<\/strong>\uff0c\u4e13\u6ce8\u4e8e\u6bcf\u4f4d\u5ba2\u6237\u72ec\u7279\u7684\u9700\u6c42\uff0c\u5e2e\u52a9\u4ed6\u4eec\u627e\u5230\u7406\u60f3\u7684\u623f\u4ea7\uff0c\u5e76\u505a\u51fa\u660e\u667a\u4e14\u5b89\u5168\u7684\u51b3\u7b56\u3002\n\u6211\u81f4\u529b\u4e8e\u5c06\u8d2d\u623f\u8fc7\u7a0b\u8f6c\u53d8\u4e3a\u4e00\u4e2a\u8f7b\u677e\u65e0\u5fe7\u7684\u4f53\u9a8c\uff0c\u786e\u4fdd\u6bcf\u4e00\u6b65\u90fd\u900f\u660e\u4e14\u503c\u5f97\u4fe1\u8d56\u3002<\/p><h4 data-start=\"1803\" data-end=\"1822\"><strong data-start=\"1807\" data-end=\"1822\">\u6211\u7684\u613f\u666f<\/strong><\/h4><p class=\"\" data-start=\"1823\" data-end=\"2186\">\u6211\u5e0c\u671b\u88ab\u5ba2\u6237\u8ba4\u53ef\u4e3a\u4e00\u4f4d <strong>\u8bda\u5b9e\u4e14\u7528\u5fc3<\/strong>\u7684\u623f\u5730\u4ea7\u987e\u95ee\uff0c\u5e26\u7ed9\u4ed6\u4eec\u987a\u7545\u4e14\u8d34\u5fc3\u7684\u8d2d\u623f\u4f53\u9a8c\u3002\n\u5f53\u5ba2\u6237\u60f3\u5230\u5728\u5723\u4fdd\u7f57\u8d2d\u4e70\u65b0\u516c\u5bd3\u65f6\uff0c\u6211\u5e0c\u671b\u6210\u4e3a\u4ed6\u4eec\u7b2c\u4e00\u4e2a\u4fe1\u8d56\u7684\u540d\u5b57<\/p><h4 data-start=\"2188\" data-end=\"2208\"><strong data-start=\"2192\" data-end=\"2208\">\u6211\u7684\u4ef7\u503c\u89c2<\/strong><\/h4><ul data-start=\"2209\" data-end=\"2979\"><li class=\"\" data-start=\"2209\" data-end=\"2376\"><p class=\"\" data-start=\"2211\" data-end=\"2376\"><strong data-start=\"2211\" data-end=\"2224\">\u4fe1\u4efb<\/strong>\uff1a\u6bcf\u6b21\u4ea4\u6d41\u5747\u57fa\u4e8e\u76f8\u4e92\u4fe1\u4efb\u3002\u6211\u7684\u76ee\u6807\u662f\u786e\u4fdd\u5ba2\u6237\u5728\u4ea4\u6613\u7684\u6bcf\u4e00\u6b65\u90fd\u611f\u5230\u5b89\u5168\u4e14\u4fe1\u606f\u5145\u5206\u3002<\/p><\/li><li class=\"\" data-start=\"2377\" data-end=\"2551\"><p class=\"\" data-start=\"2379\" data-end=\"2551\"><strong data-start=\"2379\" data-end=\"2396\">\u900f\u660e<\/strong>\uff1a\u672c\u4eba\u575a\u4fe1\u8bda\u4fe1\u4e3a\u672c\uff0c\u6240\u6709\u4fe1\u606f\u5747\u4ee5\u6e05\u6670\u3001\u516c\u5f00\u7684\u65b9\u5f0f\u5206\u4eab\uff0c\u786e\u4fdd\u5ba2\u6237\u6ca1\u6709\u4efb\u4f55\u7591\u8651\u3002<\/p><\/li><li class=\"\" data-start=\"2552\" data-end=\"2672\"><p class=\"\" data-start=\"2554\" data-end=\"2672\"><strong data-start=\"2554\" data-end=\"2573\">\u627f\u8bfa<\/strong>\uff1a\u5ba2\u6237\u7684\u5229\u76ca\u5c31\u662f\u6211\u7684\u5229\u76ca\uff0c\u6211\u8ba4\u771f\u5bf9\u5f85\u6bcf\u4e00\u4e2a\u6848\u4f8b\uff0c\u81f4\u529b\u4e8e\u8fbe\u6210\u5ba2\u6237\u7684\u76ee\u6807\u3002<\/p><\/li><li class=\"\" data-start=\"2673\" data-end=\"2843\"><p class=\"\" data-start=\"2675\" data-end=\"2843\"><strong data-start=\"2675\" data-end=\"2686\">\u540c\u7406\u5fc3<\/strong>\uff1a\u6df1\u523b\u7406\u89e3\u5ba2\u6237\u9700\u6c42\uff0c\u5c0a\u91cd\u5176\u6587\u5316\u5dee\u5f02\u4e0e\u4e2a\u4eba\u7279\u70b9\uff0c\u662f\u63d0\u4f9b\u771f\u6b63\u4e2a\u6027\u5316\u670d\u52a1\u7684\u5173\u952e\u3002<\/p><\/li><li class=\"\" data-start=\"2844\" data-end=\"2979\"><p class=\"\" data-start=\"2846\" data-end=\"2979\"><strong data-start=\"2846\" data-end=\"2860\">\u4e13\u4e1a<\/strong>\uff1a\u4e0d\u65ad\u63d0\u5347\u81ea\u5df1\u7684\u77e5\u8bc6\u548c\u670d\u52a1\u8d28\u91cf\uff0c\u81f4\u529b\u4e8e\u63d0\u4f9b\u521b\u65b0\u9ad8\u6548\u7684\u89e3\u51b3\u65b9\u6848\u3002<\/p><\/li><\/ul><p class=\"\" data-start=\"2981\" data-end=\"3339\">\u5982\u679c\u60a8\u60f3\u627e\u4e00\u4f4d\u771f\u5fc3\u5173\u6ce8\u60a8\u9700\u6c42\u7684\u623f\u5730\u4ea7\u987e\u95ee\uff0c\u613f\u610f <strong data-start=\"3093\" data-end=\"3104\">\u8ba4\u771f\u503e\u542c<\/strong>, <strong data-start=\"3106\" data-end=\"3121\">\u7406\u89e3\u60a8\u7684\u60f3\u6cd5<\/strong> \uff0c\u7136\u540e\u5e2e\u60a8\u627e\u5230\u6700\u5408\u9002\u7684\u623f\u6e90\uff0c\u6211\u5f88\u4e50\u610f\u5e2e\u52a9\u60a8\u3002\u6211\u4f1a\u5168\u529b\u4fdd\u8bc1\u60a8\u7684\u8d2d\u623f\u8fc7\u7a0b <strong data-start=\"3251\" data-end=\"3264\">\u8f7b\u677e<\/strong>, <strong data-start=\"3266\" data-end=\"3276\">\u5b89\u5168<\/strong> \u4ee5\u53ca <strong>\u771f\u6b63\u6ee1\u8db3\u60a8\u7684\u9700\u6c42\u3002<\/strong><\/p>\t\t\t\t\t\t\t\t<\/div>\n\t\t\t\t<\/div>\n\t\t\t\t<\/div>\n\t\t\t\t\t<\/div>\n\t\t\t\t<\/div>\n\t\t\t\t<\/div>","protected":false},"excerpt":{"rendered":"<p>Sobre Mim Ol\u00e1, eu sou o Levi. Sou consultor imobili\u00e1rio e corretor exclusivo do Grupo Cyrela, especializado em atender clientes brasileiros e chineses. Falo fluentemente portugu\u00eas e mandarim, oferecendo um atendimento personalizado, transparente e direto. Minha vis\u00e3o de consultoria imobili\u00e1ria \u00e9 muito parecida com uma consulta m\u00e9dica. Antes de ajudar voc\u00ea a encontrar o im\u00f3vel [&hellip;]<\/p>","protected":false},"author":1,"featured_media":0,"parent":0,"menu_order":0,"comment_status":"closed","ping_status":"closed","template":"elementor_header_footer","meta":{"_seopress_robots_primary_cat":"","_seopress_titles_title":"","_seopress_titles_desc":"","_seopress_robots_index":"","footnotes":""},"class_list":["post-2828","page","type-page","status-publish","hentry"],"_links":{"self":[{"href":"https:\/\/levilee.com.br\/cn\/wp-json\/wp\/v2\/pages\/2828","targetHints":{"allow":["GET"]}}],"collection":[{"href":"https:\/\/levilee.com.br\/cn\/wp-json\/wp\/v2\/pages"}],"about":[{"href":"https:\/\/levilee.com.br\/cn\/wp-json\/wp\/v2\/types\/page"}],"author":[{"embeddable":true,"href":"https:\/\/levilee.com.br\/cn\/wp-json\/wp\/v2\/users\/1"}],"replies":[{"embeddable":true,"href":"https:\/\/levilee.com.br\/cn\/wp-json\/wp\/v2\/comments?post=2828"}],"version-history":[{"count":40,"href":"https:\/\/levilee.com.br\/cn\/wp-json\/wp\/v2\/pages\/2828\/revisions"}],"predecessor-version":[{"id":5637,"href":"https:\/\/levilee.com.br\/cn\/wp-json\/wp\/v2\/pages\/2828\/revisions\/5637"}],"wp:attachment":[{"href":"https:\/\/levilee.com.br\/cn\/wp-json\/wp\/v2\/media?parent=2828"}],"curies":[{"name":"wp","href":"https:\/\/api.w.org\/{rel}","templated":true}]}}